{"id":1869,"date":"2023-02-02T14:14:39","date_gmt":"2023-02-02T14:14:39","guid":{"rendered":"https:\/\/www.tcfca.com\/tcf-canada-sujets\/?post_type=product&#038;p=1869"},"modified":"2026-02-26T00:51:01","modified_gmt":"2026-02-26T00:51:01","slug":"maitriser-le-tcf-canada-des-idees-pour-lexpression-ecrite-et-orale-tache-3","status":"publish","type":"product","link":"https:\/\/www.tcfca.com\/tcf-canada-sujets\/l\/maitriser-le-tcf-canada-des-idees-pour-lexpression-ecrite-et-orale-tache-3\/","title":{"rendered":"Ma\u00eetriser Le TCF Canada 2026 &#8211; des id\u00e9es pour l&rsquo;expression \u00e9crite et orale T\u00e2che 3"},"content":{"rendered":"<p>Ma\u00eetriser Le TCF Canada est le livre id\u00e9al pour tous ceux qui souhaitent se pr\u00e9parer pour le test TCF Canada. Ce livre unique, cr\u00e9\u00e9 par un examinateur TCF, offre des id\u00e9es pour l&rsquo;expression \u00e9crite et orale sur tous les sujets du TCF CANADA de 2026.<\/p>\n<p>Ce livre est plus qu&rsquo;un simple livre de pr\u00e9paration. Il a aid\u00e9 des centaines de personnes \u00e0 obtenir des scores C1 et C2 au test TCF Canada, en leur fournissant les outils n\u00e9cessaires pour r\u00e9ussir avec succ\u00e8s.<\/p>\n<p>\u00ab\u00a0Ma\u00eetriser Le TCF Canada\u00a0\u00bb est le guide ultime pour tous ceux qui souhaitent r\u00e9ussir le TCF CANADA.<\/p>\n","protected":false},"excerpt":{"rendered":"<p>Ma\u00eetriser Le TCF Canada est le livre id\u00e9al pour tous ceux qui souhaitent se pr\u00e9parer pour le test TCF Canada. Ce livre [&hellip;]<\/p>\n","protected":false},"featured_media":4500,"comment_status":"open","ping_status":"closed","template":"","meta":[],"product_brand":[],"product_cat":[15],"product_tag":[],"class_list":{"0":"post-1869","1":"product","2":"type-product","3":"status-publish","4":"has-post-thumbnail","6":"product_cat-se-preparer-au-tcf-canada","8":"first","9":"instock","10":"sale","11":"downloadable","12":"virtual","13":"purchasable","14":"product-type-simple"},"_links":{"self":[{"href":"https:\/\/www.tcfca.com\/tcf-canada-sujets\/wp-json\/wp\/v2\/product\/1869","targetHints":{"allow":["GET"]}}],"collection":[{"href":"https:\/\/www.tcfca.com\/tcf-canada-sujets\/wp-json\/wp\/v2\/product"}],"about":[{"href":"https:\/\/www.tcfca.com\/tcf-canada-sujets\/wp-json\/wp\/v2\/types\/product"}],"replies":[{"embeddable":true,"href":"https:\/\/www.tcfca.com\/tcf-canada-sujets\/wp-json\/wp\/v2\/comments?post=1869"}],"wp:featuredmedia":[{"embeddable":true,"href":"https:\/\/www.tcfca.com\/tcf-canada-sujets\/wp-json\/wp\/v2\/media\/4500"}],"wp:attachment":[{"href":"https:\/\/www.tcfca.com\/tcf-canada-sujets\/wp-json\/wp\/v2\/media?parent=1869"}],"wp:term":[{"taxonomy":"product_brand","embeddable":true,"href":"https:\/\/www.tcfca.com\/tcf-canada-sujets\/wp-json\/wp\/v2\/product_brand?post=1869"},{"taxonomy":"product_cat","embeddable":true,"href":"https:\/\/www.tcfca.com\/tcf-canada-sujets\/wp-json\/wp\/v2\/product_cat?post=1869"},{"taxonomy":"product_tag","embeddable":true,"href":"https:\/\/www.tcfca.com\/tcf-canada-sujets\/wp-json\/wp\/v2\/product_tag?post=1869"}],"curies":[{"name":"wp","href":"https:\/\/api.w.org\/{rel}","templated":true}]}}