{"id":4269,"date":"2021-03-01T16:28:49","date_gmt":"2021-03-01T16:28:49","guid":{"rendered":"https:\/\/www.tcfca.com\/se-preparer\/?page_id=4269"},"modified":"2026-02-25T01:16:13","modified_gmt":"2026-02-25T01:16:13","slug":"tcf-canada-expression-orale","status":"publish","type":"page","link":"https:\/\/www.tcfca.com\/se-preparer\/tcf-canada-expression-orale\/","title":{"rendered":"TCF Canada Expression Orale 2026"},"content":{"rendered":"<h1 style=\"padding-left: 40px; text-align: center;\">TCF Canada Expression Orale 2026:<\/h1>\n<p><span style=\"text-decoration: underline;\"><strong>Les derniers sujets de l&rsquo;expression orale qui se r\u00e9p\u00e8tent :<\/strong><\/span><\/p>\n<p><span style=\"font-size: 16px;\">Voici une liste des sujets de l\u2019expression orale de l\u2019ann\u00e9e 2026:<\/span><\/p>\n<p style=\"text-align: center;\"><strong style=\"font-size: 16px; text-align: center;\"><a href=\"https:\/\/www.tcfca.com\/banque-des-sujets-du-tcf-canada-expression-orale\/\">Banque des sujets du TCF Canada Expression Orale 2026<\/a><\/strong><\/p>\n<section class=\"elementor-section elementor-top-section elementor-element elementor-element-4008b35 elementor-section-boxed elementor-section-height-default elementor-section-height-default\" data-id=\"4008b35\" data-element_type=\"section\" data-e-type=\"section\" data-settings=\"{&quot;background_background&quot;:&quot;classic&quot;}\">\n<div class=\"elementor-container elementor-column-gap-default\">\n<div class=\"elementor-column elementor-col-50 elementor-top-column elementor-element elementor-element-482ebb6\" data-id=\"482ebb6\" data-element_type=\"column\" data-e-type=\"column\" data-settings=\"{&quot;background_background&quot;:&quot;classic&quot;}\">\n<div class=\"elementor-widget-wrap elementor-element-populated\">\n<div class=\"elementor-element elementor-element-706e22c elementor-widget elementor-widget-bdt-accordion\" data-id=\"706e22c\" data-element_type=\"widget\" data-e-type=\"widget\" data-widget_type=\"bdt-accordion.default\">\n<div class=\"elementor-widget-container\">\n<div class=\"bdt-ep-accordion-container\">\n<div id=\"bdt-ep-accordion-706e22c\" class=\"bdt-ep-accordion bdt-accordion\" data-bdt-accordion=\"{&quot;collapsible&quot;:true,&quot;multiple&quot;:false,&quot;transition&quot;:&quot;ease-in-out&quot;}\" data-settings=\"{&quot;id&quot;:&quot;bdt-ep-accordion-706e22c&quot;,&quot;activeHash&quot;:&quot;no&quot;,&quot;activeScrollspy&quot;:null,&quot;hashTopOffset&quot;:false,&quot;hashScrollspyTime&quot;:false,&quot;closeAllItemsOnMobile&quot;:false}\">\n<div class=\"bdt-ep-accordion-item bdt-open\">\n<div id=\"bdt-accordion-1\" class=\"bdt-ep-accordion-content bdt-accordion-content\" role=\"region\" aria-labelledby=\"bdt-ep-accordion-expression-crite-sujets-2026\">\n<section class=\"elementor-section elementor-top-section elementor-element elementor-element-b26ffa6 elementor-section-boxed elementor-section-height-default elementor-section-height-default\" data-id=\"b26ffa6\" data-element_type=\"section\" data-e-type=\"section\">\n<div class=\"elementor-container elementor-column-gap-default\">\n<div class=\"elementor-column elementor-col-100 elementor-top-column elementor-element elementor-element-25532b6\" data-id=\"25532b6\" data-element_type=\"column\" data-e-type=\"column\">\n<div class=\"elementor-widget-wrap elementor-element-populated\">\n<div class=\"elementor-element elementor-element-84d7359 elementor-widget-divider--view-line_icon elementor-view-default elementor-widget-divider--element-align-center elementor-widget elementor-widget-divider\" data-id=\"84d7359\" data-element_type=\"widget\" data-e-type=\"widget\" data-widget_type=\"divider.default\">\n<div class=\"elementor-widget-container\">\n<div class=\"elementor-divider\">\n<div class=\"elementor-icon elementor-divider__element\"><\/div>\n<\/div>\n<\/div>\n<\/div>\n<\/div>\n<\/div>\n<\/div>\n<\/section>\n<\/div>\n<\/div>\n<\/div>\n<\/div>\n<\/div>\n<\/div>\n<\/div>\n<\/div>\n<\/div>\n<\/section>\n<ul>\n<li>pour\u00a0<strong>partager les sujets<\/strong>\u00a0de votre session:\u00a0<a href=\"https:\/\/www.tcfca.com\/partager-les-sujets\/\" target=\"_blank\" rel=\"noopener\">cliquer ici<\/a><\/li>\n<li>pour rejoindre notre groupe\u00a0<strong>facebook<\/strong>:\u00a0<a href=\"https:\/\/www.facebook.com\/groups\/TCF.Canada.preparation\" target=\"_blank\" rel=\"noopener\">cliquer ici<\/a><\/li>\n<li>pour rejoindre notre groupe\u00a0<strong>Telegram<\/strong>:\u00a0<a href=\"https:\/\/t.me\/tcfcanada\" target=\"_blank\" rel=\"noopener\">cliquer ici<\/a><\/li>\n<li>Pour Les Sujets de la\u00a0<strong>CO et CE 2026<\/strong>\u00a0:\u00a0<a href=\"https:\/\/www.tcfenligne.com\/\/\" target=\"_blank\" rel=\"noopener\">cliquer ici<\/a><\/li>\n<\/ul>\n<p>&nbsp;<\/p>\n<p>&nbsp;<\/p>\n\t\t<div data-elementor-type=\"section\" data-elementor-id=\"11026\" class=\"elementor elementor-11026\" data-elementor-post-type=\"elementor_library\">\n\t\t\t\t\t<section class=\"elementor-section elementor-top-section elementor-element elementor-element-2e798c3b elementor-section-content-middle elementor-section-boxed elementor-section-height-default elementor-section-height-default\" data-id=\"2e798c3b\" data-element_type=\"section\" data-e-type=\"section\">\n\t\t\t\t\t\t<div class=\"elementor-container elementor-column-gap-default\">\n\t\t\t\t\t<div class=\"elementor-column elementor-col-33 elementor-top-column elementor-element elementor-element-1856ae39\" data-id=\"1856ae39\" data-element_type=\"column\" data-e-type=\"column\" data-settings=\"{&quot;background_background&quot;:&quot;classic&quot;}\">\n\t\t\t<div class=\"elementor-widget-wrap elementor-element-populated\">\n\t\t\t\t\t\t<div class=\"elementor-element elementor-element-5da0a91a elementor-widget elementor-widget-image\" data-id=\"5da0a91a\" data-element_type=\"widget\" data-e-type=\"widget\" data-widget_type=\"image.default\">\n\t\t\t\t<div class=\"elementor-widget-container\">\n\t\t\t\t\t\t\t\t\t\t\t\t\t\t\t<img fetchpriority=\"high\" decoding=\"async\" width=\"400\" height=\"424\" src=\"https:\/\/www.tcfca.com\/se-preparer\/wp-content\/uploads\/2025\/02\/book-CTAz-1-TCF-1.png\" class=\"attachment-full size-full wp-image-11022\" alt=\"\" srcset=\"https:\/\/www.tcfca.com\/se-preparer\/wp-content\/uploads\/2025\/02\/book-CTAz-1-TCF-1.png.webp 400w, https:\/\/www.tcfca.com\/se-preparer\/wp-content\/uploads\/2025\/02\/book-CTAz-1-TCF-1-283x300.png.webp 283w\" sizes=\"(max-width: 400px) 100vw, 400px\" \/>\t\t\t\t\t\t\t\t\t\t\t\t\t\t\t<\/div>\n\t\t\t\t<\/div>\n\t\t\t\t\t<\/div>\n\t\t<\/div>\n\t\t\t\t<div class=\"elementor-column elementor-col-66 elementor-top-column elementor-element elementor-element-1d837ca3\" data-id=\"1d837ca3\" data-element_type=\"column\" data-e-type=\"column\" data-settings=\"{&quot;background_background&quot;:&quot;classic&quot;}\">\n\t\t\t<div class=\"elementor-widget-wrap elementor-element-populated\">\n\t\t\t\t\t\t<section class=\"elementor-section elementor-inner-section elementor-element elementor-element-7db06f9 elementor-section-content-middle elementor-section-boxed elementor-section-height-default elementor-section-height-default\" data-id=\"7db06f9\" data-element_type=\"section\" data-e-type=\"section\">\n\t\t\t\t\t\t<div class=\"elementor-container elementor-column-gap-default\">\n\t\t\t\t\t<div class=\"elementor-column elementor-col-66 elementor-inner-column elementor-element elementor-element-3c135725\" data-id=\"3c135725\" data-element_type=\"column\" data-e-type=\"column\">\n\t\t\t<div class=\"elementor-widget-wrap elementor-element-populated\">\n\t\t\t\t\t\t<div class=\"elementor-element elementor-element-6b0f8796 elementor-widget elementor-widget-image-box\" data-id=\"6b0f8796\" data-element_type=\"widget\" data-e-type=\"widget\" data-widget_type=\"image-box.default\">\n\t\t\t\t<div class=\"elementor-widget-container\">\n\t\t\t\t\t<div class=\"elementor-image-box-wrapper\"><div class=\"elementor-image-box-content\"><h2 class=\"elementor-image-box-title\">Obtenez-le maintenant !<\/h2><p class=\"elementor-image-box-description\">R\u00e9ussissez le TCF Canada avec ce livre d'id\u00e9es incontournable, incluant les derni\u00e8res questions d'examen 2026. <b>Version PDF<\/b><\/p><\/div><\/div>\t\t\t\t<\/div>\n\t\t\t\t<\/div>\n\t\t\t\t\t<\/div>\n\t\t<\/div>\n\t\t\t\t<div class=\"elementor-column elementor-col-33 elementor-inner-column elementor-element elementor-element-532bdc3\" data-id=\"532bdc3\" data-element_type=\"column\" data-e-type=\"column\">\n\t\t\t<div class=\"elementor-widget-wrap elementor-element-populated\">\n\t\t\t\t\t\t<div class=\"elementor-element elementor-element-3efeb6a0 elementor-align-center elementor-invisible elementor-widget elementor-widget-button\" data-id=\"3efeb6a0\" data-element_type=\"widget\" data-e-type=\"widget\" data-settings=\"{&quot;_animation&quot;:&quot;fadeInUp&quot;}\" data-widget_type=\"button.default\">\n\t\t\t\t<div class=\"elementor-widget-container\">\n\t\t\t\t\t\t\t\t\t<div class=\"elementor-button-wrapper\">\n\t\t\t\t\t<a class=\"elementor-button elementor-button-link elementor-size-lg\" href=\"\/tcf-canada-sujets\">\n\t\t\t\t\t\t<span class=\"elementor-button-content-wrapper\">\n\t\t\t\t\t\t<span class=\"elementor-button-icon\">\n\t\t\t\t<i aria-hidden=\"true\" class=\"far fa-arrow-alt-circle-right\"><\/i>\t\t\t<\/span>\n\t\t\t\t\t\t\t\t\t<span class=\"elementor-button-text\">Obtenez-le maintenant!<\/span>\n\t\t\t\t\t<\/span>\n\t\t\t\t\t<\/a>\n\t\t\t\t<\/div>\n\t\t\t\t\t\t\t\t<\/div>\n\t\t\t\t<\/div>\n\t\t\t\t\t<\/div>\n\t\t<\/div>\n\t\t\t\t\t<\/div>\n\t\t<\/section>\n\t\t\t\t\t<\/div>\n\t\t<\/div>\n\t\t\t\t\t<\/div>\n\t\t<\/section>\n\t\t\t\t<\/div>\n\t\t\n<hr \/>\n<hr \/>\n<h1 style=\"padding-left: 40px; text-align: center;\">TCF Canada Expression Orale:<\/h1>\n<p><span class=\"fontstyle0\"><strong>Vous \u00eates \u00e9valu\u00e9 sur vos capacit\u00e9s \u00e0 :<\/strong><\/span><\/p>\n<ol>\n<li><span class=\"fontstyle0\">parler de vous, de votre environnement, familial et professionnel ;<\/span><\/li>\n<li><span class=\"fontstyle0\">\u00a0poser des questions adapt\u00e9es \u00e0 la situation de communication propos\u00e9e ;<\/span><\/li>\n<li><span class=\"fontstyle0\">donner votre opinion et expliquer les avantages et inconv\u00e9nients d\u2019un projet, exprimer votre accord et votre d\u00e9saccord ;<\/span><\/li>\n<li><span class=\"fontstyle0\">pr\u00e9senter une argumentation claire et structur\u00e9e dans un style appropri\u00e9 au contexte <\/span><\/li>\n<li><span class=\"fontstyle0\">pr\u00e9senter de fa\u00e7on d\u00e9taill\u00e9e et structur\u00e9e des sujets<br \/>\ncomplexes, les d\u00e9velopper et conclure.<\/span><\/li>\n<\/ol>\n<h4 style=\"padding-left: 40px; text-align: left;\"><u>TCF Canada Expression Orale Expression Orale <strong>T\u00e2che 1<\/strong><strong>:<\/strong><\/u><\/h4>\n<ul>\n<li><strong>Entretien dirig\u00e9 sans pr\u00e9paration. <\/strong><\/li>\n<li><strong>Dur\u00e9e de l\u2019\u00e9change : 2 minutes <\/strong><\/li>\n<li><strong>Objectif de la t\u00e2che : le candidat fait preuve de sa capacit\u00e9 \u00e0 \u00e9changer avec une personne qu\u2019il ne conna\u00eet pas (l\u2019examinateur).<\/strong><\/li>\n<\/ul>\n<figure id=\"attachment_4281\" aria-describedby=\"caption-attachment-4281\" style=\"width: 1080px\" class=\"wp-caption alignnone\"><img decoding=\"async\" class=\"size-full wp-image-4281\" src=\"https:\/\/www.tcfca.com\/se-preparer\/wp-content\/uploads\/2021\/03\/EO1.png\" alt=\"TCF Canada Expression Orale\" width=\"1080\" height=\"374\" srcset=\"https:\/\/www.tcfca.com\/se-preparer\/wp-content\/uploads\/2021\/03\/EO1.png 1080w, https:\/\/www.tcfca.com\/se-preparer\/wp-content\/uploads\/2021\/03\/EO1-300x104.png 300w, https:\/\/www.tcfca.com\/se-preparer\/wp-content\/uploads\/2021\/03\/EO1-1024x355.png 1024w, https:\/\/www.tcfca.com\/se-preparer\/wp-content\/uploads\/2021\/03\/EO1-768x266.png 768w, https:\/\/www.tcfca.com\/se-preparer\/wp-content\/uploads\/2021\/03\/EO1-624x216.png 624w\" sizes=\"(max-width: 1080px) 100vw, 1080px\" \/><figcaption id=\"caption-attachment-4281\" class=\"wp-caption-text\">TCF Canada Expression Orale<\/figcaption><\/figure>\n<p>&nbsp;<\/p>\n<h3 style=\"text-align: left; padding-left: 40px;\"><u>TCF Canada Expression Orale Expression Orale <strong>T\u00e2che 2<\/strong><\/u>\u00a0<strong>:<\/strong><\/h3>\n<ul>\n<li><strong>Exercice en interaction avec pr\u00e9paration. <\/strong><\/li>\n<li><strong>Dur\u00e9e : 5 minutes 30 <\/strong>\n<ul>\n<li style=\"list-style-type: none;\">\n<ul>\n<li style=\"list-style-type: none;\">\n<ul>\n<li><strong>Pr\u00e9paration : 2 minutes <\/strong><\/li>\n<li><strong>Dur\u00e9e de l\u2019\u00e9change : 3 minutes 30 <\/strong><\/li>\n<\/ul>\n<\/li>\n<\/ul>\n<\/li>\n<\/ul>\n<\/li>\n<li><strong>Objectif de la t\u00e2che : le candidat fait preuve de sa capacit\u00e9 \u00e0 obtenir des informations dans une situation de la vie quotidienne courante. <\/strong><\/li>\n<li><strong>Les statuts de l\u2019interlocuteur et du candidat sont pr\u00e9cis\u00e9s dans la consigne.<\/strong><\/li>\n<li><strong>Le candidat est autoris\u00e9 \u00e0 prendre de courtes notes pendant le temps de pr\u00e9paration de la t\u00e2che.<\/strong><\/li>\n<\/ul>\n<figure id=\"attachment_4282\" aria-describedby=\"caption-attachment-4282\" style=\"width: 1180px\" class=\"wp-caption alignnone\"><img decoding=\"async\" class=\"size-full wp-image-4282\" src=\"https:\/\/www.tcfca.com\/se-preparer\/wp-content\/uploads\/2021\/03\/eo2.png\" alt=\"TCF Canada Expression Orale\" width=\"1180\" height=\"398\" srcset=\"https:\/\/www.tcfca.com\/se-preparer\/wp-content\/uploads\/2021\/03\/eo2.png 1180w, https:\/\/www.tcfca.com\/se-preparer\/wp-content\/uploads\/2021\/03\/eo2-300x101.png 300w, https:\/\/www.tcfca.com\/se-preparer\/wp-content\/uploads\/2021\/03\/eo2-1024x345.png 1024w, https:\/\/www.tcfca.com\/se-preparer\/wp-content\/uploads\/2021\/03\/eo2-768x259.png 768w, https:\/\/www.tcfca.com\/se-preparer\/wp-content\/uploads\/2021\/03\/eo2-624x210.png 624w\" sizes=\"(max-width: 1180px) 100vw, 1180px\" \/><figcaption id=\"caption-attachment-4282\" class=\"wp-caption-text\">TCF Canada Expression Orale<\/figcaption><\/figure>\n<p>&nbsp;<\/p>\n<h3 style=\"text-align: left; padding-left: 40px;\"><u>TCF Canada Expression Orale Expression Orale <strong>T\u00e2che 3 <\/strong><\/u><strong>:<\/strong><\/h3>\n<ul>\n<li><strong>Expression d\u2019un point de vue sans pr\u00e9paration.<\/strong><\/li>\n<li><strong>Dur\u00e9e de l\u2019\u00e9change : 4 minutes 30 <\/strong><\/li>\n<li><strong>Objectif de la t\u00e2che : le candidat fait preuve de sa capacit\u00e9 \u00e0 parler de mani\u00e8re spontan\u00e9e, continue et convaincante en r\u00e9pondant \u00e0 une question choisie par l\u2019examinateur. <\/strong><\/li>\n<li><strong>Dans cette \u00e9preuve du TCF canada, vous \u00eates \u00e9valu\u00e9(e) sur vos capacit\u00e9s \u00e0 :<\/strong>\n<ul>\n<li style=\"list-style-type: none;\">\n<ul>\n<li><strong>parler de vous, de votre environnement, familial et professionnel\u00a0<\/strong><\/li>\n<li><strong>poser des questions adapt\u00e9es \u00e0 la situation de communication propos\u00e9e\u00a0<\/strong><\/li>\n<li><strong>donner votre opinion et expliquer les avantages et inconv\u00e9nients d\u2019un projet, exprimer votre accord et votre d\u00e9saccord\u00a0<\/strong><\/li>\n<li><strong>pr\u00e9senter une argumentation claire et structur\u00e9e dans un style appropri\u00e9 au contexte\u00a0<\/strong><\/li>\n<li><strong>pr\u00e9senter de fa\u00e7on d\u00e9taill\u00e9e et structur\u00e9e des sujets complexes, les d\u00e9velopper et conclure. <\/strong><\/li>\n<\/ul>\n<\/li>\n<\/ul>\n<\/li>\n<\/ul>\n<p>&nbsp;<\/p>\n<ul>\n<li><strong>Notre Groupe FaceBook<\/strong>:<\/li>\n<\/ul>\n<p><a href=\"https:\/\/www.facebook.com\/groups\/TCF.Canada.preparation\" target=\"_blank\" rel=\"noopener\">https:\/\/www.facebook.com\/groups\/TCF.Canada.preparation<\/a><\/p>\n<p>&nbsp;<\/p>\n<p>&nbsp;<\/p>\n\t\t<div data-elementor-type=\"section\" data-elementor-id=\"11026\" class=\"elementor elementor-11026\" data-elementor-post-type=\"elementor_library\">\n\t\t\t\t\t<section class=\"elementor-section elementor-top-section elementor-element elementor-element-2e798c3b elementor-section-content-middle elementor-section-boxed elementor-section-height-default elementor-section-height-default\" data-id=\"2e798c3b\" data-element_type=\"section\" data-e-type=\"section\">\n\t\t\t\t\t\t<div class=\"elementor-container elementor-column-gap-default\">\n\t\t\t\t\t<div class=\"elementor-column elementor-col-33 elementor-top-column elementor-element elementor-element-1856ae39\" data-id=\"1856ae39\" data-element_type=\"column\" data-e-type=\"column\" data-settings=\"{&quot;background_background&quot;:&quot;classic&quot;}\">\n\t\t\t<div class=\"elementor-widget-wrap elementor-element-populated\">\n\t\t\t\t\t\t<div class=\"elementor-element elementor-element-5da0a91a elementor-widget elementor-widget-image\" data-id=\"5da0a91a\" data-element_type=\"widget\" data-e-type=\"widget\" data-widget_type=\"image.default\">\n\t\t\t\t<div class=\"elementor-widget-container\">\n\t\t\t\t\t\t\t\t\t\t\t\t\t\t\t<img fetchpriority=\"high\" decoding=\"async\" width=\"400\" height=\"424\" src=\"https:\/\/www.tcfca.com\/se-preparer\/wp-content\/uploads\/2025\/02\/book-CTAz-1-TCF-1.png\" class=\"attachment-full size-full wp-image-11022\" alt=\"\" srcset=\"https:\/\/www.tcfca.com\/se-preparer\/wp-content\/uploads\/2025\/02\/book-CTAz-1-TCF-1.png.webp 400w, https:\/\/www.tcfca.com\/se-preparer\/wp-content\/uploads\/2025\/02\/book-CTAz-1-TCF-1-283x300.png.webp 283w\" sizes=\"(max-width: 400px) 100vw, 400px\" \/>\t\t\t\t\t\t\t\t\t\t\t\t\t\t\t<\/div>\n\t\t\t\t<\/div>\n\t\t\t\t\t<\/div>\n\t\t<\/div>\n\t\t\t\t<div class=\"elementor-column elementor-col-66 elementor-top-column elementor-element elementor-element-1d837ca3\" data-id=\"1d837ca3\" data-element_type=\"column\" data-e-type=\"column\" data-settings=\"{&quot;background_background&quot;:&quot;classic&quot;}\">\n\t\t\t<div class=\"elementor-widget-wrap elementor-element-populated\">\n\t\t\t\t\t\t<section class=\"elementor-section elementor-inner-section elementor-element elementor-element-7db06f9 elementor-section-content-middle elementor-section-boxed elementor-section-height-default elementor-section-height-default\" data-id=\"7db06f9\" data-element_type=\"section\" data-e-type=\"section\">\n\t\t\t\t\t\t<div class=\"elementor-container elementor-column-gap-default\">\n\t\t\t\t\t<div class=\"elementor-column elementor-col-66 elementor-inner-column elementor-element elementor-element-3c135725\" data-id=\"3c135725\" data-element_type=\"column\" data-e-type=\"column\">\n\t\t\t<div class=\"elementor-widget-wrap elementor-element-populated\">\n\t\t\t\t\t\t<div class=\"elementor-element elementor-element-6b0f8796 elementor-widget elementor-widget-image-box\" data-id=\"6b0f8796\" data-element_type=\"widget\" data-e-type=\"widget\" data-widget_type=\"image-box.default\">\n\t\t\t\t<div class=\"elementor-widget-container\">\n\t\t\t\t\t<div class=\"elementor-image-box-wrapper\"><div class=\"elementor-image-box-content\"><h2 class=\"elementor-image-box-title\">Obtenez-le maintenant !<\/h2><p class=\"elementor-image-box-description\">R\u00e9ussissez le TCF Canada avec ce livre d'id\u00e9es incontournable, incluant les derni\u00e8res questions d'examen 2026. <b>Version PDF<\/b><\/p><\/div><\/div>\t\t\t\t<\/div>\n\t\t\t\t<\/div>\n\t\t\t\t\t<\/div>\n\t\t<\/div>\n\t\t\t\t<div class=\"elementor-column elementor-col-33 elementor-inner-column elementor-element elementor-element-532bdc3\" data-id=\"532bdc3\" data-element_type=\"column\" data-e-type=\"column\">\n\t\t\t<div class=\"elementor-widget-wrap elementor-element-populated\">\n\t\t\t\t\t\t<div class=\"elementor-element elementor-element-3efeb6a0 elementor-align-center elementor-invisible elementor-widget elementor-widget-button\" data-id=\"3efeb6a0\" data-element_type=\"widget\" data-e-type=\"widget\" data-settings=\"{&quot;_animation&quot;:&quot;fadeInUp&quot;}\" data-widget_type=\"button.default\">\n\t\t\t\t<div class=\"elementor-widget-container\">\n\t\t\t\t\t\t\t\t\t<div class=\"elementor-button-wrapper\">\n\t\t\t\t\t<a class=\"elementor-button elementor-button-link elementor-size-lg\" href=\"\/tcf-canada-sujets\">\n\t\t\t\t\t\t<span class=\"elementor-button-content-wrapper\">\n\t\t\t\t\t\t<span class=\"elementor-button-icon\">\n\t\t\t\t<i aria-hidden=\"true\" class=\"far fa-arrow-alt-circle-right\"><\/i>\t\t\t<\/span>\n\t\t\t\t\t\t\t\t\t<span class=\"elementor-button-text\">Obtenez-le maintenant!<\/span>\n\t\t\t\t\t<\/span>\n\t\t\t\t\t<\/a>\n\t\t\t\t<\/div>\n\t\t\t\t\t\t\t\t<\/div>\n\t\t\t\t<\/div>\n\t\t\t\t\t<\/div>\n\t\t<\/div>\n\t\t\t\t\t<\/div>\n\t\t<\/section>\n\t\t\t\t\t<\/div>\n\t\t<\/div>\n\t\t\t\t\t<\/div>\n\t\t<\/section>\n\t\t\t\t<\/div>\n\t\t\n","protected":false},"excerpt":{"rendered":"<p>TCF Canada Expression Orale 2026: Les derniers sujets de l&rsquo;expression orale qui se r\u00e9p\u00e8tent : Voici une liste des sujets de l\u2019expression orale de l\u2019ann\u00e9e 2026: Banque des sujets du TCF Canada Expression Orale 2026 pour\u00a0partager les sujets\u00a0de votre session:\u00a0cliquer ici pour rejoindre notre groupe\u00a0facebook:\u00a0cliquer ici pour rejoindre notre groupe\u00a0Telegram:\u00a0cliquer ici Pour Les Sujets de [&hellip;]<\/p>\n","protected":false},"author":1,"featured_media":0,"parent":0,"menu_order":0,"comment_status":"open","ping_status":"closed","template":"","meta":{"site-sidebar-layout":"default","site-content-layout":"default","ast-site-content-layout":"default","site-content-style":"default","site-sidebar-style":"default","ast-global-header-display":"","ast-banner-title-visibility":"","ast-main-header-display":"","ast-hfb-above-header-display":"","ast-hfb-below-header-display":"","ast-hfb-mobile-header-display":"","site-post-title":"","ast-breadcrumbs-content":"","ast-featured-img":"","footer-sml-layout":"","ast-disable-related-posts":"","theme-transparent-header-meta":"default","adv-header-id-meta":"","stick-header-meta":"default","header-above-stick-meta":"","header-main-stick-meta":"","header-below-stick-meta":"","astra-migrate-meta-layouts":"set","ast-page-background-enabled":"default","ast-page-background-meta":{"desktop":{"background-color":"","background-image":"","background-repeat":"repeat","background-position":"center center","background-size":"auto","background-attachment":"scroll","background-type":"","background-media":"","overlay-type":"","overlay-color":"","overlay-opacity":"","overlay-gradient":""},"tablet":{"background-color":"","background-image":"","background-repeat":"repeat","background-position":"center center","background-size":"auto","background-attachment":"scroll","background-type":"","background-media":"","overlay-type":"","overlay-color":"","overlay-opacity":"","overlay-gradient":""},"mobile":{"background-color":"","background-image":"","background-repeat":"repeat","background-position":"center center","background-size":"auto","background-attachment":"scroll","background-type":"","background-media":"","overlay-type":"","overlay-color":"","overlay-opacity":"","overlay-gradient":""}},"ast-content-background-meta":{"desktop":{"background-color":"var(--ast-global-color-5)","background-image":"","background-repeat":"repeat","background-position":"center center","background-size":"auto","background-attachment":"scroll","background-type":"","background-media":"","overlay-type":"","overlay-color":"","overlay-opacity":"","overlay-gradient":""},"tablet":{"background-color":"var(--ast-global-color-5)","background-image":"","background-repeat":"repeat","background-position":"center center","background-size":"auto","background-attachment":"scroll","background-type":"","background-media":"","overlay-type":"","overlay-color":"","overlay-opacity":"","overlay-gradient":""},"mobile":{"background-color":"var(--ast-global-color-5)","background-image":"","background-repeat":"repeat","background-position":"center center","background-size":"auto","background-attachment":"scroll","background-type":"","background-media":"","overlay-type":"","overlay-color":"","overlay-opacity":"","overlay-gradient":""}},"footnotes":""},"class_list":["post-4269","page","type-page","status-publish","hentry"],"_links":{"self":[{"href":"https:\/\/www.tcfca.com\/se-preparer\/wp-json\/wp\/v2\/pages\/4269","targetHints":{"allow":["GET"]}}],"collection":[{"href":"https:\/\/www.tcfca.com\/se-preparer\/wp-json\/wp\/v2\/pages"}],"about":[{"href":"https:\/\/www.tcfca.com\/se-preparer\/wp-json\/wp\/v2\/types\/page"}],"author":[{"embeddable":true,"href":"https:\/\/www.tcfca.com\/se-preparer\/wp-json\/wp\/v2\/users\/1"}],"replies":[{"embeddable":true,"href":"https:\/\/www.tcfca.com\/se-preparer\/wp-json\/wp\/v2\/comments?post=4269"}],"version-history":[{"count":5,"href":"https:\/\/www.tcfca.com\/se-preparer\/wp-json\/wp\/v2\/pages\/4269\/revisions"}],"predecessor-version":[{"id":15568,"href":"https:\/\/www.tcfca.com\/se-preparer\/wp-json\/wp\/v2\/pages\/4269\/revisions\/15568"}],"wp:attachment":[{"href":"https:\/\/www.tcfca.com\/se-preparer\/wp-json\/wp\/v2\/media?parent=4269"}],"curies":[{"name":"wp","href":"https:\/\/api.w.org\/{rel}","templated":true}]}}